{"id":190,"date":"2025-12-14T23:51:26","date_gmt":"2025-12-14T23:51:26","guid":{"rendered":"http:\/\/www.klotz-kunst.at\/?page_id=190"},"modified":"2026-02-14T11:23:58","modified_gmt":"2026-02-14T11:23:58","slug":"ira-klotz-2-2","status":"publish","type":"page","link":"https:\/\/www.klotz-kunst.at\/?page_id=190","title":{"rendered":"Ira Klotz"},"content":{"rendered":"\n<figure class=\"wp-block-image aligncenter size-large is-resized is-style-rounded\"><img loading=\"lazy\" decoding=\"async\" width=\"719\" height=\"1024\" src=\"http:\/\/www.klotz-kunst.at\/wp-content\/uploads\/2025\/12\/Ira1-719x1024.jpg\" alt=\"\" class=\"wp-image-89\" style=\"object-fit:cover;width:400px;height:400px\" srcset=\"https:\/\/www.klotz-kunst.at\/wp-content\/uploads\/2025\/12\/Ira1-719x1024.jpg 719w, https:\/\/www.klotz-kunst.at\/wp-content\/uploads\/2025\/12\/Ira1-211x300.jpg 211w, https:\/\/www.klotz-kunst.at\/wp-content\/uploads\/2025\/12\/Ira1.jpg 765w\" sizes=\"auto, (max-width: 719px) 100vw, 719px\" \/><\/figure>\n\n\n\n<div class=\"wp-block-buttons is-content-justification-center is-layout-flex wp-container-core-buttons-is-layout-a89b3969 wp-block-buttons-is-layout-flex\"><\/div>\n\n\n\n<p>Jahrgang 1960<br>Aufgewachsen in Zell am Ziller<br>Maturiert Kettenbr\u00fccke Innsbruck<br>P\u00e4d. Akk. Bildnerische Erziehung, Mathematik und Religion<br>42 Jahre an der NMS Zell als Lehrer f\u00fcr Bildnerische Erziehung<br>Seit zehn Jahren Abstrakt- und Aktkurse im<br>Malerstadl Mittersill bei Marika Wille-Jais<br>Vier Kurse bei Welti Thomas (Toskana, Schweiz) Ton- und Gipsskulpturen<\/p>\n\n\n\n<div class=\"wp-block-group alignfull has-global-padding is-layout-constrained wp-container-core-group-is-layout-ebee8dc1 wp-block-group-is-layout-constrained\" style=\"margin-top:0;margin-bottom:0;padding-top:var(--wp--preset--spacing--50);padding-bottom:var(--wp--preset--spacing--50)\">\n<h2 class=\"wp-block-heading alignwide\">Meine Werke<\/h2>\n\n\n\n<div class=\"wp-block-columns alignwide is-layout-flex wp-container-core-columns-is-layout-28f84493 wp-block-columns-is-layout-flex\">\n<div class=\"wp-block-column is-layout-flow wp-block-column-is-layout-flow\">\n<figure class=\"wp-block-image size-full\" style=\"margin-bottom:24px\"><a href=\"http:\/\/www.klotz-kunst.at\/?page_id=354\"><img loading=\"lazy\" decoding=\"async\" width=\"2560\" height=\"1807\" src=\"http:\/\/www.klotz-kunst.at\/wp-content\/uploads\/2025\/12\/20240217_160855-scaled.jpg\" alt=\"\" class=\"wp-image-225\" style=\"aspect-ratio:4\/3;object-fit:cover\" srcset=\"https:\/\/www.klotz-kunst.at\/wp-content\/uploads\/2025\/12\/20240217_160855-scaled.jpg 2560w, https:\/\/www.klotz-kunst.at\/wp-content\/uploads\/2025\/12\/20240217_160855-300x212.jpg 300w, https:\/\/www.klotz-kunst.at\/wp-content\/uploads\/2025\/12\/20240217_160855-1024x723.jpg 1024w, https:\/\/www.klotz-kunst.at\/wp-content\/uploads\/2025\/12\/20240217_160855-768x542.jpg 768w, https:\/\/www.klotz-kunst.at\/wp-content\/uploads\/2025\/12\/20240217_160855-1536x1084.jpg 1536w, https:\/\/www.klotz-kunst.at\/wp-content\/uploads\/2025\/12\/20240217_160855-2048x1446.jpg 2048w\" sizes=\"auto, (max-width: 2560px) 100vw, 2560px\" \/><\/a><\/figure>\n\n\n\n<h3 class=\"wp-block-heading\"><a href=\"http:\/\/www.klotz-kunst.at\/index.php\/portfolio\/ira-klotz-portfolio\/\" data-type=\"page\" data-id=\"79\">Abstrakt<\/a><\/h3>\n<\/div>\n\n\n\n<div class=\"wp-block-column is-layout-flow wp-block-column-is-layout-flow\">\n<figure class=\"wp-block-image size-full\" style=\"margin-bottom:24px\"><a href=\"http:\/\/www.klotz-kunst.at\/?page_id=345\"><img loading=\"lazy\" decoding=\"async\" width=\"984\" height=\"688\" src=\"http:\/\/www.klotz-kunst.at\/wp-content\/uploads\/2026\/01\/ira_akt11-1.jpg\" alt=\"\" class=\"wp-image-501\" style=\"aspect-ratio:4\/3;object-fit:cover\" srcset=\"https:\/\/www.klotz-kunst.at\/wp-content\/uploads\/2026\/01\/ira_akt11-1.jpg 984w, https:\/\/www.klotz-kunst.at\/wp-content\/uploads\/2026\/01\/ira_akt11-1-300x210.jpg 300w, https:\/\/www.klotz-kunst.at\/wp-content\/uploads\/2026\/01\/ira_akt11-1-768x537.jpg 768w\" sizes=\"auto, (max-width: 984px) 100vw, 984px\" \/><\/a><\/figure>\n\n\n\n<h3 class=\"wp-block-heading\">Akt<\/h3>\n<\/div>\n\n\n\n<div class=\"wp-block-column is-layout-flow wp-block-column-is-layout-flow\">\n<figure class=\"wp-block-image size-full\" style=\"margin-bottom:24px\"><a href=\"http:\/\/www.klotz-kunst.at\/?page_id=349\"><img loading=\"lazy\" decoding=\"async\" width=\"1000\" height=\"1333\" src=\"http:\/\/www.klotz-kunst.at\/wp-content\/uploads\/2026\/01\/ira_s5.jpg\" alt=\"\" class=\"wp-image-503\" style=\"aspect-ratio:1.3333333333333333;object-fit:cover\" srcset=\"https:\/\/www.klotz-kunst.at\/wp-content\/uploads\/2026\/01\/ira_s5.jpg 1000w, https:\/\/www.klotz-kunst.at\/wp-content\/uploads\/2026\/01\/ira_s5-225x300.jpg 225w, https:\/\/www.klotz-kunst.at\/wp-content\/uploads\/2026\/01\/ira_s5-768x1024.jpg 768w\" sizes=\"auto, (max-width: 1000px) 100vw, 1000px\" \/><\/a><\/figure>\n\n\n\n<h3 class=\"wp-block-heading\">Skulpturen<\/h3>\n<\/div>\n<\/div>\n<\/div>\n\n\n\n<div class=\"wp-block-group alignfull has-global-padding is-layout-constrained wp-container-core-group-is-layout-ebee8dc1 wp-block-group-is-layout-constrained\" style=\"margin-top:0;margin-bottom:0;padding-top:var(--wp--preset--spacing--50);padding-bottom:var(--wp--preset--spacing--50)\">\n<div class=\"wp-block-columns alignwide is-layout-flex wp-container-core-columns-is-layout-28f84493 wp-block-columns-is-layout-flex\">\n<div class=\"wp-block-column is-layout-flow wp-block-column-is-layout-flow\">\n<figure class=\"wp-block-image size-full\" style=\"margin-bottom:24px\"><a href=\"http:\/\/www.klotz-kunst.at\/?page_id=347\"><img loading=\"lazy\" decoding=\"async\" width=\"1000\" height=\"709\" src=\"http:\/\/www.klotz-kunst.at\/wp-content\/uploads\/2026\/01\/Ira_-L1.jpg\" alt=\"\" class=\"wp-image-504\" style=\"aspect-ratio:1.3333333333333333;object-fit:cover\" srcset=\"https:\/\/www.klotz-kunst.at\/wp-content\/uploads\/2026\/01\/Ira_-L1.jpg 1000w, https:\/\/www.klotz-kunst.at\/wp-content\/uploads\/2026\/01\/Ira_-L1-300x213.jpg 300w, https:\/\/www.klotz-kunst.at\/wp-content\/uploads\/2026\/01\/Ira_-L1-768x545.jpg 768w\" sizes=\"auto, (max-width: 1000px) 100vw, 1000px\" \/><\/a><\/figure>\n\n\n\n<h3 class=\"wp-block-heading\">Landschaft<\/h3>\n<\/div>\n\n\n\n<div class=\"wp-block-column is-layout-flow wp-block-column-is-layout-flow\">\n<figure class=\"wp-block-image size-full\" style=\"margin-bottom:24px\"><a href=\"http:\/\/www.klotz-kunst.at\/?page_id=352\"><img loading=\"lazy\" decoding=\"async\" width=\"1000\" height=\"1607\" src=\"http:\/\/www.klotz-kunst.at\/wp-content\/uploads\/2026\/01\/ira_v3.jpg\" alt=\"\" class=\"wp-image-505\" style=\"aspect-ratio:4\/3;object-fit:cover\" srcset=\"https:\/\/www.klotz-kunst.at\/wp-content\/uploads\/2026\/01\/ira_v3.jpg 1000w, https:\/\/www.klotz-kunst.at\/wp-content\/uploads\/2026\/01\/ira_v3-187x300.jpg 187w, https:\/\/www.klotz-kunst.at\/wp-content\/uploads\/2026\/01\/ira_v3-637x1024.jpg 637w, https:\/\/www.klotz-kunst.at\/wp-content\/uploads\/2026\/01\/ira_v3-768x1234.jpg 768w, https:\/\/www.klotz-kunst.at\/wp-content\/uploads\/2026\/01\/ira_v3-956x1536.jpg 956w\" sizes=\"auto, (max-width: 1000px) 100vw, 1000px\" \/><\/a><\/figure>\n\n\n\n<h3 class=\"wp-block-heading\">Verschiedenes<\/h3>\n<\/div>\n\n\n\n<div class=\"wp-block-column is-layout-flow wp-block-column-is-layout-flow\">\n<figure class=\"wp-block-image size-full\" style=\"margin-bottom:24px\"><a href=\"http:\/\/www.klotz-kunst.at\/?page_id=79\"><img loading=\"lazy\" decoding=\"async\" width=\"1829\" height=\"2560\" src=\"http:\/\/www.klotz-kunst.at\/wp-content\/uploads\/2026\/01\/PD_23_File_001-scaled.jpg\" alt=\"\" class=\"wp-image-506\" style=\"aspect-ratio:1.3333333333333333;object-fit:cover\" srcset=\"https:\/\/www.klotz-kunst.at\/wp-content\/uploads\/2026\/01\/PD_23_File_001-scaled.jpg 1829w, https:\/\/www.klotz-kunst.at\/wp-content\/uploads\/2026\/01\/PD_23_File_001-214x300.jpg 214w, https:\/\/www.klotz-kunst.at\/wp-content\/uploads\/2026\/01\/PD_23_File_001-732x1024.jpg 732w, https:\/\/www.klotz-kunst.at\/wp-content\/uploads\/2026\/01\/PD_23_File_001-768x1075.jpg 768w, https:\/\/www.klotz-kunst.at\/wp-content\/uploads\/2026\/01\/PD_23_File_001-1097x1536.jpg 1097w, https:\/\/www.klotz-kunst.at\/wp-content\/uploads\/2026\/01\/PD_23_File_001-1463x2048.jpg 1463w\" sizes=\"auto, (max-width: 1829px) 100vw, 1829px\" \/><\/a><\/figure>\n\n\n\n<h3 class=\"wp-block-heading\">Grafiken<\/h3>\n<\/div>\n<\/div>\n<\/div>\n","protected":false},"excerpt":{"rendered":"<p>Jahrgang 1960Aufgewachsen in Zell am ZillerMaturiert Kettenbr\u00fccke InnsbruckP\u00e4d. Akk. Bildnerische Erziehung, Mathematik und Religion42 Jahre an der NMS Zell als Lehrer f\u00fcr Bildnerische ErziehungSeit zehn Jahren Abstrakt- und Aktkurse imMalerstadl Mittersill bei Marika Wille-JaisVier Kurse bei Welti Thomas (Toskana, Schweiz) Ton- und Gipsskulpturen Meine Werke Abstrakt Akt Skulpturen Landschaft Verschiedenes Grafiken<\/p>\n","protected":false},"author":1,"featured_media":0,"parent":0,"menu_order":0,"comment_status":"closed","ping_status":"closed","template":"","meta":{"footnotes":""},"class_list":["post-190","page","type-page","status-publish","hentry"],"_links":{"self":[{"href":"https:\/\/www.klotz-kunst.at\/index.php?rest_route=\/wp\/v2\/pages\/190","targetHints":{"allow":["GET"]}}],"collection":[{"href":"https:\/\/www.klotz-kunst.at\/index.php?rest_route=\/wp\/v2\/pages"}],"about":[{"href":"https:\/\/www.klotz-kunst.at\/index.php?rest_route=\/wp\/v2\/types\/page"}],"author":[{"embeddable":true,"href":"https:\/\/www.klotz-kunst.at\/index.php?rest_route=\/wp\/v2\/users\/1"}],"replies":[{"embeddable":true,"href":"https:\/\/www.klotz-kunst.at\/index.php?rest_route=%2Fwp%2Fv2%2Fcomments&post=190"}],"version-history":[{"count":19,"href":"https:\/\/www.klotz-kunst.at\/index.php?rest_route=\/wp\/v2\/pages\/190\/revisions"}],"predecessor-version":[{"id":678,"href":"https:\/\/www.klotz-kunst.at\/index.php?rest_route=\/wp\/v2\/pages\/190\/revisions\/678"}],"wp:attachment":[{"href":"https:\/\/www.klotz-kunst.at\/index.php?rest_route=%2Fwp%2Fv2%2Fmedia&parent=190"}],"curies":[{"name":"wp","href":"https:\/\/api.w.org\/{rel}","templated":true}]}}